{"id":5,"date":"2019-07-20T10:37:22","date_gmt":"2019-07-20T10:37:22","guid":{"rendered":"https:\/\/werbeposter-nord.eu\/index.php\/mesmerize\/"},"modified":"2024-09-18T15:42:36","modified_gmt":"2024-09-18T15:42:36","slug":"https-werbeposter-nord-eu-plakatstander-18-1-formate-im-digital-druck-hartfaserplatten-werbeposter-offset-druck-poster-werbesysteme","status":"publish","type":"page","link":"https:\/\/werbeposter-nord.eu\/","title":{"rendered":"Home"},"content":{"rendered":"<h4 >Wir drucken Iher Gro\u00dfformate.<\/h4><p >Wir drucken im Digital Druck oder im Offset-Druck Ihre Gro\u00dfformate 18\/1 und 9\/1<\/p><h4 >Wir drucken Ihre Plakate<\/h4><p >Wir drucken Ihre Plakate im Digitaldruck oder Offsetdruck.<br ><br >In den Gr\u00f6\u00dfen&nbsp; A3, A1oder A0<\/p><h4 >Sie ben\u00f6tigen Flyer ?<\/h4><p >In unseren Druckshop k\u00f6nnen sie einige Flyer drucken lassen.<\/p><h4 >Unser Layoutservice<\/h4><p >Haben sie die m\u00f6glichkeit Ihre Druckvorlagen zu erstellen.<\/p><h5 >Werbe-Kugelschreiber&nbsp;<\/h5><h2 >Neu bei<br > Werbeposter-Nord der<br ><br >Konfigurator f\u00fcr<br ><br >Ihr Werbe-Kugelschreiber<\/h2><p >  <a href=\"https:\/\/haendler.uma-pen.com\/index.php?seite=haendler_konfigurator_de&amp;haendlerid=247777\" target=\"_blank\" data-cp-link=\"1\" data-icon=\"\" rel=\"noopener noreferrer\" class=\"\">Gestalten Sie Ihren Werbe-Kugelschreiber<\/a><\/p><p > <img  decoding=\"async\" src=\"https:\/\/werbeposter-nord.eu\/wp-content\/uploads\/2019\/12\/cropped-Oranger-Kugelschreiber.jpg\" data-size=\"600x400\" alt=\"\" title=\"cropped-Oranger-Kugelschreiber.jpg\"><\/p><h5 >Herzlich Willkommen<\/h5><h2 ><\/h2><p >Plakatst\u00e4nder, Plakatw\u00e4nde18\/1,Plakatst\u00e4nder18\/1 und andere Werbesysteme von Werbeposter-Nord.eu<br ><br >&nbsp;Wir bauen unsere Plakatst\u00e4nder, A1 Plakatst\u00e4nder, A0 Plakatst\u00e4nder, 18\/1Plakatst\u00e4nder, 9\/1Plakatst\u00e4nder in eigener Herstellung. Wir sind auch in der Lage, Sonderformate nach Kundenwunsch anzufertigen. Der sich in Vorbereitung befindliche Layout und Druckservice&nbsp; bedeutet f\u00fcr den Kunden, dass er Plakatwerbung bei Werbeposter Nord&nbsp; alles aus einer Hand geliefert bekommt.&nbsp;Je nach Standort und Gr\u00f6\u00dfe kann es vorkommen, dass f\u00fcr\r\ndie Anbringung von Plakatwerbung eine Genehmigung erforderlich ist. Auch die\r\nAbwicklung einer solchen beh\u00f6rdlichen Ma\u00dfnahme ist Bestandteil des Service-Angebotes\r\nvon Werbeposter Nord.<\/p><p  data-gramm=\"false\"> <a href=\"https:\/\/shop.werbeposter-nord.de\" spfieldtype=\"null\" spsourceindex=\"14\" target=\"_blank\" data-cp-link=\"1\" data-icon=\"\" rel=\"noopener noreferrer\" class=\"\">Zum Shop<\/a><\/p><p > <img  decoding=\"async\" src=\"https:\/\/werbeposter-nord.eu\/wp-content\/uploads\/2019\/11\/cropped-18-1Plakatstaender-1-1.jpg\" alt=\"\" title=\"cropped-18-1Plakatstaender-1-1.jpg\" spfieldtype=\"null\" spsourceindex=\"15\"> <img  decoding=\"async\" src=\"https:\/\/werbeposter-nord.eu\/wp-content\/uploads\/2019\/11\/cropped-Print-1.jpg\" alt=\"\" title=\"cropped-Print-1.jpg\" spfieldtype=\"null\" spsourceindex=\"16\"> <\/p><img  decoding=\"async\" src=\"https:\/\/werbeposter-nord.eu\/wp-content\/uploads\/2019\/11\/cropped-Plakatwand.jpg\" alt=\"\" title=\"cropped-Plakatwand.jpg\" spfieldtype=\"null\" spsourceindex=\"17\"><h2 >Unsere Produkte<\/h2><p >\r\n<\/p><p > <img  decoding=\"async\" src=\"https:\/\/werbeposter-nord.eu\/wp-content\/uploads\/2019\/07\/cropped-HartfaserplattenA1.jpg\" alt=\"\" title=\"cropped-HartfaserplattenA1.jpg\" spfieldtype=\"null\" spsourceindex=\"18\"> <\/p><h4 >HartfaserplattenA1<\/h4><p >Die Hartfaserplatte ist weitverbreitet und wird f\u00fcr die Stra\u00dfenwerbung eingesetzt<br >Gr\u00f6\u00dfe \t    ca.61cm x 85cm<br ><br >Platten st\u00e4rke\/dichte \t     3mm \/ 920kg\/m\u00b3<\/p><a href=\"https:\/\/www.werbeposter-nord.com\/1\/Hartfaserplatten-Hartfaserplatten-A1\" target=\"_blank\" data-cp-link=\"1\" rel=\"noopener noreferrer\" spfieldtype=\"null\" spsourceindex=\"19\" class=\"\">Zum Produkt<\/a><p > <img  decoding=\"async\" src=\"https:\/\/werbeposter-nord.eu\/wp-content\/uploads\/2019\/07\/cropped-Hartfaserplatten-1.jpg\" alt=\"\" title=\"cropped-Hartfaserplatten-1.jpg\" spfieldtype=\"null\" spsourceindex=\"20\"> <\/p><h4 >Hartfaserplatten<\/h4><p >Wir verkaufen Hartfaserplatten in den Gr\u00f6\u00dfen.<br ><br >1220 mm x2440 mm<br ><br ><br >und<br ><br ><br >1220 mm x3050 mm\r\n<\/p><a href=\"mailto:\/\/info@werbeposter-nord.com\" target=\"_self\" data-cp-link=\"1\" rel=\"noopener noreferrer\" spfieldtype=\"null\" spsourceindex=\"21\">Anfrage<\/a><p > <img  decoding=\"async\" src=\"https:\/\/werbeposter-nord.eu\/wp-content\/uploads\/2019\/07\/cropped-HartfaserplattenA0.jpg\" alt=\"\" title=\"cropped-HartfaserplattenA0.jpg\" spfieldtype=\"null\" spsourceindex=\"22\"> <\/p><h4 >HartfaserplattenA0<\/h4><p >Die A0 Hartfaserplatte<br ><br >wird verst\u00e4rkt als Werbung f\u00fcr Gro\u00dfe Veranstaltungen genutzt.<br ><br >Gr\u00f6\u00dfe \t ca. 850 mm x 1189 mm<br >Platten st\u00e4rke\/Dichte \t 3mm \/ 920kg\/m\u00b3<\/p><a href=\"https:\/\/www.werbeposter-nord.com\/6\/Hartfaserplatten-Hartfaserplatten--A0---Werbeposter-Nord\" target=\"_blank\" data-cp-link=\"1\" rel=\"noopener noreferrer\" spfieldtype=\"null\" spsourceindex=\"23\" class=\"\">Zum Produkt<\/a><h2 >Plakatsysteme zum kleinen Preis. <\/h2><p >Unsere eigens angefertigen Plakatsysteme 18\/1 und 9\/1 lassen sich schnell und einfach montieren.\r\n<\/p><p > <img  decoding=\"async\" src=\"https:\/\/werbeposter-nord.eu\/wp-content\/uploads\/2019\/07\/cropped-Plakatstaender-18-1.jpg\" alt=\"\" title=\"cropped-Plakatstaender-18-1.jpg\" spfieldtype=\"null\" spsourceindex=\"24\"> <\/p><h4 >Plakatst\u00e4nder18\/1<\/h4><p  data-gramm=\"false\">Die Plakatst\u00e4nder 18\/1 wird aus verzinkten C-Profilen 40\/40 produziert, die auf Gehrung ges\u00e4gt und dann fest verschwei\u00dft werden. Mit den Profilen wird eine einteilige finnische Birkenholzplatte eingefasst, was eine sehr lange Lebensdauer garantiert und auch eine beidseitige Nutzung erm\u00f6glicht. Das Standgestell aus feuerverzinktem Stahl wird mit Erdbuchsen geliefert, in die die Standpfosten eingebracht werden. Somit kann die Gro\u00dffl\u00e4che auch saisional genutzt werden. Dieser Klassiker der gro\u00dfformatigen Werbeplakattr\u00e4ger garantiert eine gro\u00dfe Aufmerksamkeit und ist eine sehr wirtschaftliche L\u00f6sung.Die Bauantragsunterlagen werden Kostenpflichtig bereit gestellt.<br ><br ><br >Bitte die Kosten anfragen.<\/p><p  data-gramm=\"false\"> <a href=\"https:\/\/shop.werbeposter-nord.de\/129\/Plakatsysteme18-1-und-9-1-Plakatstaender-18-1-Stand\" target=\"_self\" data-cp-link=\"1\" rel=\"noopener noreferrer\" spfieldtype=\"null\" spsourceindex=\"25\" class=\"\">Zum Produkt<\/a><\/p><p > <img  decoding=\"async\" src=\"https:\/\/werbeposter-nord.eu\/wp-content\/uploads\/2019\/07\/cropped-18-1Wand.jpg\" alt=\"\" title=\"cropped-18-1Wand.jpg\" spfieldtype=\"null\" spsourceindex=\"26\"> <\/p><h4 >Plakatst\u00e4nder18\/1-Wand<\/h4><p >Die Plakatst\u00e4nder-Wand18\/1 wird aus verzinkten C-Profilen 40\/40 produziert, die auf Gehrung ges\u00e4gt und dann fest verschwei\u00dft werden. Mit den Profilen wird eine einteilige finnische Birkenholzplatte eingefasst, was eine sehr lange Lebensdauer garantiert und auch eine beidseitige Nutzung erm\u00f6glicht. Zum Lieferumfang geh\u00f6ren Montagewinkel aus Stahl. Dieser Klassiker der gro\u00dfformatigen Werbeplakattr\u00e4ger garantiert eine gro\u00dfe Aufmerksamkeit und ist eine sehr wirtschaftliche L\u00f6sung. Die Bauantragsunterlagen werden Kostenpflichtig bereit gestellt.<br ><br ><br ><br ><br >Bitte die Kosten anfragen.<\/p><p  data-gramm=\"false\"> <a href=\"https:\/\/shop.werbeposter-nord.de\/130\/Plakatsysteme18-1-und-9-1-Plakatstaender-18-1-Wand\" target=\"_self\" data-cp-link=\"1\" rel=\"noopener noreferrer\" spfieldtype=\"null\" spsourceindex=\"27\" class=\"\">Zum Produkt<\/a><\/p><p > <img  decoding=\"async\" src=\"https:\/\/werbeposter-nord.eu\/wp-content\/uploads\/2019\/07\/cropped-Plakatstaender-9-1.jpg\" alt=\"\" title=\"cropped-Plakatstaender-9-1.jpg\" spfieldtype=\"null\" spsourceindex=\"28\"> <\/p><h4 >Plakatst\u00e4nder9\/1<\/h4><p >Die Plakatst\u00e4nder 9\/1 wird aus verzinkten C-Profilen 40\/40 produziert, die auf Gehrung ges\u00e4gt und dann fest verschwei\u00dft werden. Mit den Profilen wird eine einteilige Leimholzplatte eingefasst, was eine sehr lange Lebensdauer garantiert und auch eine beidseitige Nutzung erm\u00f6glicht. Das Standgestell aus feuerverzinktem Stahl wird mit Erdbuchsen geliefert, in die die Standpfosten eingebracht werden. Somit kann die Gro\u00dffl\u00e4che auch saisional genutzt werden. Dieser Klassiker der gro\u00dfformatigen Werbeplakattr\u00e4ger garantiert eine gro\u00dfe Aufmerksamkeit und ist eine sehr wirtschaftliche L\u00f6sung.Die Bauantragsunterlagen werden Kostenpflichtig bereit gestellt.<br ><br ><br >Bitte die Kosten anfragen.<\/p><p  data-gramm=\"false\"> <a href=\"https:\/\/shop.werbeposter-nord.de\/768\/Plakatsysteme18-1-und-9-1-Plakatstaender-9-1-Stand\" target=\"_self\" data-cp-link=\"1\" rel=\"noopener noreferrer\" spfieldtype=\"null\" spsourceindex=\"29\" class=\"\">Zum Produkt<\/a><\/p><h2 >Unsere weiteren Produkte<\/h2><p >\r\n<\/p><p >  <\/p><p >Mobiles Plakatsystem 18\/1- online bei Werbeposter-nord<br >Das Mobile Plakatsystem 18\/1 wird aus einer Multiplexplatte 9mm gefertigt.<br >Die Multiplexplatte 9mm wird durch eine Dachlatten-Kontruktion verst\u00e4rkt.<\/p><p > <img  decoding=\"async\" src=\"https:\/\/werbeposter-nord.eu\/wp-content\/uploads\/2019\/07\/cropped-logoneu7-3.jpg\" alt=\"\" title=\"cropped-logoneu7-3.jpg\" spfieldtype=\"null\" spsourceindex=\"30\"> <\/p><h6 >Werbeposter-Nord<\/h6><p  data-gramm=\"false\"> <a href=\"mailto:\/\/info@werbeposter-nord.com\" target=\"_self\" data-cp-link=\"1\" rel=\"noopener noreferrer\" spfieldtype=\"null\" spsourceindex=\"31\">Anfragen<\/a><\/p><p >  <\/p><p >Mobile-Werbesysteme<br ><br ><br >Plakatwand auf Anhaenger<br ><br ><br >Plakatwand auf Anhaenger<br ><br >PKW- Werbeanh\u00e4nger 750Kg kaufen.<\/p><p > <img  decoding=\"async\" src=\"https:\/\/werbeposter-nord.eu\/wp-content\/uploads\/2019\/07\/cropped-logoneu7-4.jpg\" alt=\"\" title=\"cropped-logoneu7-4.jpg\" spfieldtype=\"null\" spsourceindex=\"32\"> <\/p><h6 >Werbeposter-Nord<\/h6><p  data-gramm=\"false\"> <a href=\"https:\/\/shop.werbeposter-nord.de\/k6\/Anhaenger-mit-Werbung\" target=\"_self\" data-cp-link=\"1\" rel=\"noopener noreferrer\" spfieldtype=\"null\" spsourceindex=\"33\" class=\"\">Zum Produkt<\/a><\/p><p >  <\/p><p >Werbesysteme in der Vermietung.<br ><br ><br >Wir bieten auch Werbesysteme zum&nbsp; Mieten an.<br ><br ><br ><\/p><p > <img  decoding=\"async\" src=\"https:\/\/werbeposter-nord.eu\/wp-content\/uploads\/2019\/07\/cropped-logoneu7-5.jpg\" alt=\"\" title=\"cropped-logoneu7-5.jpg\" spfieldtype=\"null\" spsourceindex=\"34\"> <\/p><h6 >Werbeposter-Nord<\/h6><p > <a href=\"https:\/\/shop.werbeposter-nord.de\/k58\/Werbesysteme-in-der-Vermietung\" target=\"_self\" data-cp-link=\"1\" rel=\"noopener noreferrer\" spfieldtype=\"null\" spsourceindex=\"35\" class=\"\">Zum Produkt<\/a><\/p><h2 >Kontakt<\/h2><p >Da sich das Internet wie ein Lauffeuer ausbreitet und jeden Teil unseres t\u00e4glichen Lebens erreicht, wird immer mehr Verkehr auf Websites geleitet, die nach Informationen suchen.<br ><br ><br >Wir beantworten Ihre Anfrage\r\n<\/p><!-- Created with Elementor --><div  data-label=\"About\" data-id=\"about--1\" data-export-id=\"about-1\" data-category=\"about\" class=\"about-1 content-section\" id=\"about-1\" style=\"background-color: rgb(255, 255, 255);\"><div  class=\"gridContainer\"> <div  class=\"row text-center\"><div  class=\"section-title-col\" data-type=\"column\"> <h5  class=\"\">LOREM IPSUM DOLOR<\/h5> <h2  class=\"\">Brand new WordPress theme&nbsp;<span  href=\"#\" style=\"font-weight: 700; font-family: Playfair Display,sans-serif; font-style: italic;\">with unlimited power<\/span>&nbsp;and customization possibilities<\/h2> <p  class=\"lead\">Lorem ipsum dolor sit amet, consectetur adipisicing elit, sed do eiusmod tempor incididunt ut labore et dolore magna aliqua. Ut enim ad minim veniam, quis nostrud.<\/p><\/div> <\/div> <div  class=\"row\"> <div  class=\"button-holder space-bottom space-bottom-small\" data-type=\"column\"> <a  class=\"button color1\" href=\"#\">GET STARTED NOW<\/a><\/div> <div  class=\"col-xs bottom-xs flexbox image-group-bottom-3-img space-bottom-xs center-xs\"> <img decoding=\"async\"  class=\"left-img shadow-large-black\" data-size=\"500x300\" src=\"https:\/\/werbeposter-nord.eu\/wp-content\/plugins\/mesmerize-companion\/theme-data\/mesmerize\/sections\/images\/computer-2569652.jpg\"> <img decoding=\"async\"  class=\"center-img shadow-large-black\" data-size=\"500x300\" src=\"https:\/\/werbeposter-nord.eu\/wp-content\/plugins\/mesmerize-companion\/theme-data\/mesmerize\/sections\/images\/apple-1838564.jpg\"> <img decoding=\"async\"  class=\"right-img shadow-large-black\" data-size=\"500x300\" src=\"https:\/\/werbeposter-nord.eu\/wp-content\/plugins\/mesmerize-companion\/theme-data\/mesmerize\/sections\/images\/laptop-2559795.jpg\"><\/div> <\/div><\/div> <\/div><div  data-label=\"About\" data-id=\"about--2\" data-export-id=\"about-10\" data-category=\"about\" class=\"about-10 content-section content-section-spacing\" id=\"about-2\" style=\"background-color: rgb(245, 250, 253);\"><div  class=\"gridContainer\"> <div  class=\"row middle-sm text-center\"><div  class=\"col-sm-5 space-bottom-xs content-column\" data-type=\"column\"> <h5  class=\"\">LOREM IPSUM DOLOR<\/h5> <h2  class=\"\">Enjoy the best <br > <span  style=\"font-family: Playfair Display,sans-serif; font-weight: 700; font-style: italic;\" href=\"#\">design and functions<\/span> combined together<\/h2> <p  class=\"\">Lorem ipsum dolor sit amet, consectetur adipisicing elit, sed do eiusmod tempor incididunt ut labore et dolore magna aliqua. Ut enim ad minim veniam, quis nostrud exercitation ullamco laboris nisi ut aliquip ex ea commodo consequat.<\/p> <a  class=\"button color1\" href=\"#\">GET STARTED NOW<\/a><\/div> <div  class=\"col-sm-7 flexbox middle-xs center-xs space-bottom-xs\"><div  class=\"overlay-box middle-xs center-xs flexbox\"> <div  class=\"overlay-box-offset offset-border shadow-medium border-color1 hide-xs\"><\/div> <img decoding=\"async\"  class=\"shadow-large\" data-size=\"485x705\" src=\"https:\/\/werbeposter-nord.eu\/wp-content\/plugins\/mesmerize-companion\/theme-data\/mesmerize\/sections\/images\/about-img-5.jpg\"><\/div> <\/div><\/div> <\/div><\/div><div  data-label=\"About\" data-id=\"about--3\" data-export-id=\"about-4\" data-category=\"about\" class=\"about-4 content-section content-section-spacing\" id=\"about-3\" style=\"background-color: rgb(255, 255, 255);\"><div  class=\"gridContainer\"> <div  class=\"row middle-sm text-center\"><div  class=\"col-sm-5 space-bottom-xs\" data-type=\"column\"> <h5  class=\"\">LOREM IPSUM DOLOR<\/h5> <h2  class=\"\">Enjoy the best <br > <span  style=\"font-family: Playfair Display,sans-serif; font-weight: 700; font-style: italic;\" href=\"#\">design and functions<\/span> combined together<\/h2> <p  class=\"\">Lorem ipsum dolor sit amet, consectetur adipisicing elit, sed do eiusmod tempor incididunt ut labore et dolore magna aliqua. Ut enim ad minim veniam, quis nostrud exercitation ullamco laboris nisi ut aliquip ex ea commodo consequat.<\/p> <a  class=\"button color1\" href=\"#\">GET STARTED NOW<\/a><\/div> <div  class=\"col-sm-7 flexbox center-xs middle-xs image-group-2-img\"> <img decoding=\"async\"  class=\"img-1 shadow-large\" data-size=\"250x200\" src=\"https:\/\/werbeposter-nord.eu\/wp-content\/plugins\/mesmerize-companion\/theme-data\/mesmerize\/sections\/images\/apple-1838564.jpg\"> <img decoding=\"async\"  class=\"img-2 shadow-large\" data-size=\"220x170\" src=\"https:\/\/werbeposter-nord.eu\/wp-content\/plugins\/mesmerize-companion\/theme-data\/mesmerize\/sections\/images\/computer-2569652.jpg\"><\/div> <\/div><\/div> <\/div>","protected":false},"excerpt":{"rendered":"<p>Wir drucken Iher Gro\u00dfformate.Wir drucken im Digital Druck oder im Offset-Druck Ihre Gro\u00dfformate 18\/1 und 9\/1Wir drucken Ihre PlakateWir drucken Ihre Plakate im Digitaldruck oder Offsetdruck.In den Gr\u00f6\u00dfen&nbsp; A3, A1oder A0Sie ben\u00f6tigen Flyer ?In unseren Druckshop k\u00f6nnen sie einige Flyer drucken lassen.Unser LayoutserviceHaben sie die m\u00f6glichkeit Ihre Druckvorlagen zu erstellen.Werbe-Kugelschreiber&nbsp;Neu bei Werbeposter-Nord derKonfigurator f\u00fcrIhr Werbe-Kugelschreiber&hellip; <br \/> <a class=\"read-more\" href=\"https:\/\/werbeposter-nord.eu\/\">Weiterlesen<\/a><\/p>\n","protected":false},"author":1,"featured_media":0,"parent":0,"menu_order":0,"comment_status":"closed","ping_status":"closed","template":"page-templates\/homepage.php","meta":{"footnotes":""},"class_list":["post-5","page","type-page","status-publish","hentry"],"_links":{"self":[{"href":"https:\/\/werbeposter-nord.eu\/index.php\/wp-json\/wp\/v2\/pages\/5","targetHints":{"allow":["GET"]}}],"collection":[{"href":"https:\/\/werbeposter-nord.eu\/index.php\/wp-json\/wp\/v2\/pages"}],"about":[{"href":"https:\/\/werbeposter-nord.eu\/index.php\/wp-json\/wp\/v2\/types\/page"}],"author":[{"embeddable":true,"href":"https:\/\/werbeposter-nord.eu\/index.php\/wp-json\/wp\/v2\/users\/1"}],"replies":[{"embeddable":true,"href":"https:\/\/werbeposter-nord.eu\/index.php\/wp-json\/wp\/v2\/comments?post=5"}],"version-history":[{"count":68,"href":"https:\/\/werbeposter-nord.eu\/index.php\/wp-json\/wp\/v2\/pages\/5\/revisions"}],"predecessor-version":[{"id":1045,"href":"https:\/\/werbeposter-nord.eu\/index.php\/wp-json\/wp\/v2\/pages\/5\/revisions\/1045"}],"wp:attachment":[{"href":"https:\/\/werbeposter-nord.eu\/index.php\/wp-json\/wp\/v2\/media?parent=5"}],"curies":[{"name":"wp","href":"https:\/\/api.w.org\/{rel}","templated":true}]}}