{"id":284,"date":"2019-07-20T19:53:32","date_gmt":"2019-07-20T19:53:32","guid":{"rendered":"https:\/\/werbeposter-nord.eu\/?page_id=284"},"modified":"2019-07-20T19:53:32","modified_gmt":"2019-07-20T19:53:32","slug":"impressum","status":"publish","type":"page","link":"https:\/\/werbeposter-nord.eu\/index.php\/impressum\/","title":{"rendered":"Impressum"},"content":{"rendered":"\n<p>Eine weitere Internetpr\u00e4senz der Firma Werbeposter-nord<\/p>\n\n\n\n<p>Thomas Vollbracht<br>Werbeposter-Nord <br>M\u00fchlenweg12<br>23738 Lensahn<br>Deutschland <\/p>\n\n\n\n<p>Server<\/p>\n\n\n\n<p>Ostholsteiner Hosting24<\/p>\n\n\n\n<p><br><br>Tel.: 043639037993<br>Fax: 43639037991<br>E-Mail: info@werbeposter-nord.de <br><br>Umsatzsteuer-Identifikationsnummer gem\u00e4\u00df \u00a7 27 a Umsatzsteuergesetz: DE315025950 <br><br>Plattform der EU-Kommission zur Online-Streitbeilegung: <a rel=\"noreferrer noopener\" href=\"https:\/\/ec.europa.eu\/consumers\/odr\" target=\"_blank\">https:\/\/ec.europa.eu\/consumers\/odr<\/a><br><br>Wir  sind zur Teilnahme an einem Streitbeilegungsverfahren vor einer  Verbraucherschlichtungsstelle weder verpflichtet noch bereit.<\/p>\n\n\n\n<p>Disclaimer<\/p>\n\n\n\n<p><br>Haftung f\u00fcr Inhalte<br>Die Inhalte unserer Seiten wurden mit \ngr\u00f6\u00dfter Sorgfalt erstellt. F\u00fcr die Richtigkeit, Vollst\u00e4ndigkeit und \nAktualit\u00e4t der Inhalte k\u00f6nnen wir jedoch keine Gew\u00e4hr \u00fcbernehmen. Als \nDienstanbieter sind wir gem\u00e4\u00df \u00a7 7 Abs.1 TMG f\u00fcr eigene Inhalte auf \ndiesen Seiten nach den allgemeinen Gesetzen verantwortlich. Nach \u00a7\u00a7 8 \nbis 10 TMG sind wir als Diensteanbieter jedoch nicht verpflichtet, \n\u00fcbermittelte oder gespeicherte fremde Informationen zu \u00fcberwachen oder \nnach Umst\u00e4nden zu forschen, die auf eine rechtswidrige T\u00e4tigkeit \nhinweisen. Verpflichtungen zur Entfernung oder Sperrung der Nutzung von \nInformationen nach den allgemeinen Gesetzen bleiben hiervon unber\u00fchrt. \nEine diesbez\u00fcgliche Haftung ist jedoch erst ab dem Zeitpunkt der \nKenntnis einer konkreten Rechtsverletzung m\u00f6glich. Bei bekannt werden \nvon entsprechenden Rechtsverletzungen werden wir diese Inhalte umgehend \nentfernen.<\/p>\n\n\n\n<p>Haftung f\u00fcr Links<br>Unser Angebot enth\u00e4lt Links zu externen \nWebseiten Dritter, auf deren Inhalte wir keinen Einfluss haben. Deshalb \nk\u00f6nnen wir f\u00fcr diese fremden Inhalte auch keine Gew\u00e4hr \u00fcbernehmen. F\u00fcr \ndie Inhalte der verlinkten Seiten ist stets der jeweilige Anbieter oder \nBetreiber der Seiten verantwortlich. Die verlinkten Seiten wurden zum \nZeitpunkt der Verlinkung auf m\u00f6gliche Rechtsverst\u00f6\u00dfe \u00fcberpr\u00fcft. \nRechtswidrige Inhalte waren zum Zeitpunkt der Verlinkung nicht \nerkennbar. Eine permanente inhaltliche Kontrolle der verlinkten Seiten \nist jedoch ohne konkrete Anhaltspunkte einer Rechtsverletzung nicht \nzumutbar. Bei Bekanntwerden von Rechtsverletzungen werden wir derartige \nLinks umgehend entfernen.<\/p>\n\n\n\n<p>Urheberrecht<br>Die Nutzung unserer Webseite ist in der Regel ohne \nAngabe personenbezogener Daten m\u00f6glich. Soweit auf unseren Seiten \npersonenbezogene Daten (beispielsweise Name, Anschrift oder \nE-Mail-Adressen) erhoben werden, erfolgt dies, soweit m\u00f6glich, stets auf\n freiwilliger Basis. Diese Daten werden ohne Ihre ausdr\u00fcckliche \nZustimmung nicht an Dritte weitergegeben. Wir weisen darauf hin, dass \ndie Daten\u00fcbertragung im Internet (z. B. bei der Kommunikation per \nE-Mail) Sicherheitsl\u00fccken aufweisen kann. Ein l\u00fcckenloser Schutz der \nDaten vor dem Zugriff durch Dritte ist nicht m\u00f6glich. Der Nutzung von im\n Rahmen der Impressumspflicht ver\u00f6ffentlichten Kontaktdaten durch Dritte\n zur \u00dcbersendung von nicht ausdr\u00fccklich angeforderter Werbung und \nInformationsmaterialien wird hiermit ausdr\u00fccklich widersprochen. Die \nBetreiber der Seiten behalten sich ausdr\u00fccklich rechtliche Schritte im \nFalle der unverlangten Zusendung von Werbeinformationen, etwa durch \nSpammails, vor.<\/p>\n\n\n\n<p>Die durch die Seitenbetreiber erstellten Inhalte und Werke auf diesen\n Seiten unterliegen dem deutschen Urheberrecht. Die Vervielf\u00e4ltigung, \nBearbeitung, Verbreitung und jede Art der Verwertung au\u00dferhalb der \nGrenzen des Urheberrechtes bed\u00fcrfen der schriftlichen Zustimmung des \njeweiligen Autors bzw. Erstellers. Downloads und Kopien dieser Seite \nsind nur f\u00fcr den privaten, nicht kommerziellen Gebrauch gestattet. \nSoweit die Inhalte auf dieser Seite nicht vom Betreiber erstellt worden,\n werden die Urheberrechte Dritter beachtet. Insbesondere werden Inhalte \nDritter als solche gekennzeichnet. Sollten Sie trotzdem auf eine \nUrheberrechtsverletzung aufmerksam werden, bitten wir um einen \nentsprechenden Hinweis. Bei Bekanntwerden von Rechtsverletzungen werden \nderartige Inhalte umgehend entfernen.<\/p>\n\n\n\n<p>Sie haben Fragen oder m\u00f6chten R\u00fccksprache mit uns halten? Gerne stehen wir Ihnen telefonisch zur Verf\u00fcgung.&nbsp;<\/p>\n\n\n\n<p>Zus\u00e4tzlich besteht nat\u00fcrlich auch die M\u00f6glichkeit unser Kontaktformular zu nutzen.<\/p>\n","protected":false},"excerpt":{"rendered":"<p>Eine weitere Internetpr\u00e4senz der Firma Werbeposter-nord Thomas VollbrachtWerbeposter-Nord M\u00fchlenweg1223738 LensahnDeutschland Server Ostholsteiner Hosting24 Tel.: 043639037993Fax: 43639037991E-Mail: info@werbeposter-nord.de Umsatzsteuer-Identifikationsnummer gem\u00e4\u00df \u00a7 27 a Umsatzsteuergesetz: DE315025950 Plattform der EU-Kommission zur Online-Streitbeilegung: https:\/\/ec.europa.eu\/consumers\/odr Wir sind zur Teilnahme an einem Streitbeilegungsverfahren vor einer Verbraucherschlichtungsstelle weder verpflichtet noch bereit. Disclaimer Haftung f\u00fcr InhalteDie Inhalte unserer Seiten wurden mit gr\u00f6\u00dfter Sorgfalt&hellip; <br \/> <a class=\"read-more\" href=\"https:\/\/werbeposter-nord.eu\/index.php\/impressum\/\">Weiterlesen<\/a><\/p>\n","protected":false},"author":1,"featured_media":0,"parent":0,"menu_order":0,"comment_status":"closed","ping_status":"closed","template":"","meta":{"footnotes":""},"class_list":["post-284","page","type-page","status-publish","hentry"],"_links":{"self":[{"href":"https:\/\/werbeposter-nord.eu\/index.php\/wp-json\/wp\/v2\/pages\/284","targetHints":{"allow":["GET"]}}],"collection":[{"href":"https:\/\/werbeposter-nord.eu\/index.php\/wp-json\/wp\/v2\/pages"}],"about":[{"href":"https:\/\/werbeposter-nord.eu\/index.php\/wp-json\/wp\/v2\/types\/page"}],"author":[{"embeddable":true,"href":"https:\/\/werbeposter-nord.eu\/index.php\/wp-json\/wp\/v2\/users\/1"}],"replies":[{"embeddable":true,"href":"https:\/\/werbeposter-nord.eu\/index.php\/wp-json\/wp\/v2\/comments?post=284"}],"version-history":[{"count":1,"href":"https:\/\/werbeposter-nord.eu\/index.php\/wp-json\/wp\/v2\/pages\/284\/revisions"}],"predecessor-version":[{"id":285,"href":"https:\/\/werbeposter-nord.eu\/index.php\/wp-json\/wp\/v2\/pages\/284\/revisions\/285"}],"wp:attachment":[{"href":"https:\/\/werbeposter-nord.eu\/index.php\/wp-json\/wp\/v2\/media?parent=284"}],"curies":[{"name":"wp","href":"https:\/\/api.w.org\/{rel}","templated":true}]}}