{"id":282,"date":"2019-07-20T19:25:53","date_gmt":"2019-07-20T19:25:53","guid":{"rendered":"https:\/\/werbeposter-nord.eu\/?page_id=282"},"modified":"2019-07-20T19:54:36","modified_gmt":"2019-07-20T19:54:36","slug":"agb","status":"publish","type":"page","link":"https:\/\/werbeposter-nord.eu\/index.php\/agb\/","title":{"rendered":"AGB"},"content":{"rendered":"\n<p><strong>Allgemeine Gesch\u00e4ftsbedingungen mit Kundeninformationen<\/strong><br>&#8212;&#8212;&#8212;&#8212;&#8212;&#8212;&#8212;&#8212;&#8212;&#8212;&#8212;&#8212;&#8212;&#8212;&#8212;&#8212;&#8212;&#8212;-<\/p>\n\n\n\n<p>Inhaltsverzeichnis<br>&#8212;&#8212;&#8212;&#8212;&#8212;&#8212;<br>1. Geltungsbereich<br>2. Vertragsschluss<br>3. Widerrufsrecht<br>4. Preise und Zahlungsbedingungen<br>5. Liefer- und Versandbedingungen<br>6. Eigentumsvorbehalt<br>7. M\u00e4ngelhaftung (Gew\u00e4hrleistung)<br>8. Besondere Bedingungen f\u00fcr die Verarbeitung von Waren nach bestimmten Vorgaben des Kunden<br>9. Besondere Bedingungen f\u00fcr Montage-\/Einbauleistungen<br>10. Einl\u00f6sung von Aktionsgutscheinen<br>11. Einl\u00f6sung von Geschenkgutscheinen<br>12. Anwendbares Recht<br>13. Alternative Streitbeilegung<\/p>\n\n\n\n<p><br><strong>1) Geltungsbereich<\/strong><br><strong>1.1<\/strong> Diese\n Allgemeinen Gesch\u00e4ftsbedingungen (nachfolgend &#8222;AGB&#8220;) des Thomas \nVollbracht, handelnd unter &#8222;Werbeposter Nord&#8220; (nachfolgend &#8222;Verk\u00e4ufer&#8220;),\n gelten f\u00fcr alle Vertr\u00e4ge \u00fcber die Lieferung von Waren, die ein \nVerbraucher oder Unternehmer (nachfolgend \u201eKunde\u201c) mit dem Verk\u00e4ufer \nhinsichtlich der vom Verk\u00e4ufer in seinem Online-Shop dargestellten Waren\n abschlie\u00dft. Hiermit wird der Einbeziehung von eigenen Bedingungen des \nKunden widersprochen, es sei denn, es ist etwas anderes vereinbart.<br><strong>1.2<\/strong>\n F\u00fcr Vertr\u00e4ge \u00fcber die Lieferung von Gutscheinen gelten diese AGB \nentsprechend, sofern insoweit nicht ausdr\u00fccklich etwas Abweichendes \ngeregelt ist.<br><strong>1.3<\/strong> Verbraucher im Sinne dieser AGB \nist jede nat\u00fcrliche Person, die ein Rechtsgesch\u00e4ft zu Zwecken \nabschlie\u00dft, die \u00fcberwiegend weder ihrer gewerblichen noch ihrer \nselbst\u00e4ndigen beruflichen T\u00e4tigkeit zugerechnet werden k\u00f6nnen. \nUnternehmer im Sinne dieser AGB ist eine nat\u00fcrliche oder juristische \nPerson oder eine rechtsf\u00e4hige Personengesellschaft, die bei Abschluss \neines Rechtsgesch\u00e4fts in Aus\u00fcbung ihrer gewerblichen oder selbst\u00e4ndigen \nberuflichen T\u00e4tigkeit handelt.<\/p>\n\n\n\n<p><strong>2) Vertragsschluss<\/strong><br><strong>2.1<\/strong> Die im \nOnline-Shop des Verk\u00e4ufers enthaltenen Produktbeschreibungen stellen \nkeine verbindlichen Angebote seitens des Verk\u00e4ufers dar, sondern dienen \nzur Abgabe eines verbindlichen Angebots durch den Kunden.<br><strong>2.2<\/strong>\n Der Kunde kann das Angebot \u00fcber das in den Online-Shop des Verk\u00e4ufers \nintegrierte Online-Bestellformular abgeben. Dabei gibt der Kunde, \nnachdem er die ausgew\u00e4hlten Waren in den virtuellen Warenkorb gelegt und\n den elektronischen Bestellprozess durchlaufen hat, durch Klicken des \nden Bestellvorgang abschlie\u00dfenden Buttons ein rechtlich verbindliches \nVertragsangebot in Bezug auf die im Warenkorb enthaltenen Waren ab. \nFerner kann der Kunde das Angebot auch telefonisch, per Fax, per E-Mail,\n postalisch oder per Online-Kontaktformular gegen\u00fcber dem Verk\u00e4ufer \nabgeben.<br><strong>2.3<\/strong> Der Verk\u00e4ufer kann das Angebot des \nKunden innerhalb von f\u00fcnf Tagen annehmen, indem er dem Kunden eine \nschriftliche Auftragsbest\u00e4tigung oder eine Auftragsbest\u00e4tigung in \nTextform (Fax oder E-Mail) \u00fcbermittelt, wobei insoweit der Zugang der \nAuftragsbest\u00e4tigung beim Kunden ma\u00dfgeblich ist, oder &#8211; indem er dem \nKunden die bestellte Ware liefert, wobei insoweit der Zugang der Ware \nbeim Kunden ma\u00dfgeblich ist, oder &#8211; indem er den Kunden nach Abgabe von \ndessen Bestellung zur Zahlung auffordert.<br>Liegen mehrere der \nvorgenannten Alternativen vor, kommt der Vertrag in dem Zeitpunkt \nzustande, in dem eine der vorgenannten Alternativen zuerst eintritt. Die\n Frist zur Annahme des Angebots beginnt am Tag nach der Absendung des \nAngebots durch den Kunden zu laufen und endet mit dem Ablauf des f\u00fcnften\n Tages, welcher auf die Absendung des Angebots folgt. Nimmt der \nVerk\u00e4ufer das Angebot des Kunden innerhalb vorgenannter Frist nicht an, \nso gilt dies als Ablehnung des Angebots mit der Folge, dass der Kunde \nnicht mehr an seine Willenserkl\u00e4rung gebunden ist.<br><strong>2.4<\/strong>\n Bei Auswahl der Zahlungsart \u201ePayPal Express\u201c erfolgt die \nZahlungsabwicklung \u00fcber den Zahlungsdienstleister PayPal (Europe) S.\u00e0 \nr.l. et Cie, S.C.A., 22-24 Boulevard Royal, L-2449 Luxembourg (im \nFolgenden: \u201ePayPal\u201c), unter Geltung der PayPal-Nutzungsbedingungen, \neinsehbar unter \nhttps:\/\/www.paypal.com\/de\/webapps\/mpp\/ua\/useragreement-full oder &#8211; falls\n der Kunde nicht \u00fcber ein PayPal-Konto verf\u00fcgt \u2013 unter Geltung der \nBedingungen f\u00fcr Zahlungen ohne PayPal-Konto, einsehbar unter \nhttps:\/\/www.paypal.com\/de\/webapps\/mpp\/ua\/privacywax-full. W\u00e4hlt der \nKunde im Rahmen des Online-Bestellvorgangs \u201ePayPal Express\u201c als \nZahlungsart aus, erteilt er durch Klicken des den Bestellvorgang \nabschlie\u00dfenden Buttons zugleich auch einen Zahlungsauftrag an PayPal. \nF\u00fcr diesen Fall erkl\u00e4rt der Verk\u00e4ufer schon jetzt die Annahme des \nAngebots des Kunden in dem Zeitpunkt, in dem der Kunde durch Klicken des\n den Bestellvorgang abschlie\u00dfenden Buttons den Zahlungsvorgang ausl\u00f6st.<br><strong>2.5<\/strong>\n Bei der Abgabe eines Angebots \u00fcber das Online-Bestellformular des \nVerk\u00e4ufers wird der Vertragstext nach dem Vertragsschluss vom Verk\u00e4ufer \ngespeichert und dem Kunden nach Absendung von dessen Bestellung in \nTextform (z. B. E-Mail, Fax oder Brief) \u00fcbermittelt. Eine dar\u00fcber \nhinausgehende Zug\u00e4nglichmachung des Vertragstextes durch den Verk\u00e4ufer \nerfolgt nicht. Sofern der Kunde vor Absendung seiner Bestellung ein \nNutzerkonto im Online-Shop des Verk\u00e4ufers eingerichtet hat, werden die \nBestelldaten auf der Website des Verk\u00e4ufers archiviert und k\u00f6nnen vom \nKunden \u00fcber dessen passwortgesch\u00fctztes Nutzerkonto unter Angabe der \nentsprechenden Login-Daten kostenlos abgerufen werden.<br><strong>2.6<\/strong>\n Vor verbindlicher Abgabe der Bestellung \u00fcber das Online-Bestellformular\n des Verk\u00e4ufers kann der Kunde m\u00f6gliche Eingabefehler durch aufmerksames\n Lesen der auf dem Bildschirm dargestellten Informationen erkennen. Ein \nwirksames technisches Mittel zur besseren Erkennung von Eingabefehlern \nkann dabei die Vergr\u00f6\u00dferungsfunktion des Browsers sein, mit deren Hilfe \ndie Darstellung auf dem Bildschirm vergr\u00f6\u00dfert wird. Seine Eingaben kann \nder Kunde im Rahmen des elektronischen Bestellprozesses so lange \u00fcber \ndie \u00fcblichen Tastatur- und Mausfunktionen korrigieren, bis er den den \nBestellvorgang abschlie\u00dfenden Button anklickt.<br><strong>2.7<\/strong> F\u00fcr den Vertragsschluss stehen die deutsche und die englische Sprache zur Verf\u00fcgung.<br><strong>2.8<\/strong>\n Die Bestellabwicklung und Kontaktaufnahme finden in der Regel per \nE-Mail und automatisierter Bestellabwicklung statt. Der Kunde hat \nsicherzustellen, dass die von ihm zur Bestellabwicklung angegebene \nE-Mail-Adresse zutreffend ist, so dass unter dieser Adresse die vom \nVerk\u00e4ufer versandten E-Mails empfangen werden k\u00f6nnen. Insbesondere hat \nder Kunde bei dem Einsatz von SPAM-Filtern sicherzustellen, dass alle \nvom Verk\u00e4ufer oder von diesem mit der Bestellabwicklung beauftragten \nDritten versandten E-Mails zugestellt werden k\u00f6nnen.<\/p>\n\n\n\n<p><strong>3) Widerrufsrecht<\/strong><br><strong>3.1<\/strong> Verbrauchern steht grunds\u00e4tzlich ein Widerrufsrecht zu.<br><strong>3.2<\/strong> N\u00e4here Informationen zum Widerrufsrecht ergeben sich aus der Widerrufsbelehrung des Verk\u00e4ufers.<\/p>\n\n\n\n<p><strong>4) Preise und Zahlungsbedingungen<\/strong><br><strong>4.1<\/strong>\n Sofern sich aus der Produktbeschreibung des Verk\u00e4ufers nichts anderes \nergibt, handelt es sich bei den angegebenen Preisen um Gesamtpreise, die\n die gesetzliche Umsatzsteuer enthalten. Gegebenenfalls zus\u00e4tzlich \nanfallende Liefer- und Versandkosten werden in der jeweiligen \nProduktbeschreibung gesondert angegeben.<br><strong>4.2<\/strong> Die Zahlungsm\u00f6glichkeit\/en wird\/werden dem Kunden im Online-Shop des Verk\u00e4ufers mitgeteilt.<br><strong>4.3<\/strong>\n Ist Vorauskasse per Bank\u00fcberweisung vereinbart, ist die Zahlung sofort \nnach Vertragsabschluss f\u00e4llig, sofern die Parteien keinen sp\u00e4teren \nF\u00e4lligkeitstermin vereinbart haben.<br><strong>4.4<\/strong> Bei Zahlung \nmittels einer von PayPal angebotenen Zahlungsart erfolgt die \nZahlungsabwicklung \u00fcber den Zahlungsdienstleister PayPal (Europe) S.\u00e0 \nr.l. et Cie, S.C.A., 22-24 Boulevard Royal, L-2449 Luxembourg (im \nFolgenden: &#8222;PayPal&#8220;), unter Geltung der PayPal-Nutzungsbedingungen, \neinsehbar unter \nhttps:\/\/www.paypal.com\/de\/webapps\/mpp\/ua\/useragreement-full oder &#8211; falls\n der Kunde nicht \u00fcber ein PayPal-Konto verf\u00fcgt \u2013 unter Geltung der \nBedingungen f\u00fcr Zahlungen ohne PayPal-Konto, einsehbar unter \nhttps:\/\/www.paypal.com\/de\/webapps\/mpp\/ua\/privacywax-full.<br><strong>4.5<\/strong>\n Bei Auswahl der Zahlungsart \u201ePayPal Credit\u201c (Ratenzahlung via PayPal) \ntritt der Verk\u00e4ufer seine Zahlungsforderung an PayPal ab. Vor Annahme \nder Abtretungserkl\u00e4rung des Verk\u00e4ufers f\u00fchrt PayPal unter Verwendung der\n \u00fcbermittelten Kundendaten eine Bonit\u00e4tspr\u00fcfung durch. Der Verk\u00e4ufer \nbeh\u00e4lt sich vor, dem Kunden die Zahlungsart \u201ePayPal Credit\u201c im Falle \neines negativen Pr\u00fcfungsergebnisses zu verweigern. Wird die Zahlungsart \n\u201ePayPal Credit\u201c von PayPal zugelassen, hat der Kunde den Rechnungsbetrag\n zu den vom Verk\u00e4ufer festgelegten Konditionen, die ihm im Online-Shop \ndes Verk\u00e4ufers mitgeteilt werden, an PayPal zu bezahlen. Er kann in \ndiesem Fall nur an PayPal mit schuldbefreiender Wirkung leisten. Der \nVerk\u00e4ufer bleibt jedoch auch im Falle der Forderungsabtretung zust\u00e4ndig \nf\u00fcr allgemeine Kundenanfragen z. B. zur Ware, Lieferzeit, Versendung, \nRetouren, Reklamationen, Widerrufserkl\u00e4rungen und zusendungen oder \nGutschriften.<br><strong>4.6<\/strong> Bei Auswahl der Zahlungsart \n\u201eSOFORT\u201c erfolgt die Zahlungsabwicklung \u00fcber den Zahlungsdienstleister \nSOFORT GmbH, Theresienh\u00f6he 12, 80339 M\u00fcnchen (im Folgenden \u201eSOFORT\u201c). Um\n den Rechnungsbetrag \u00fcber \u201eSOFORT\u201c bezahlen zu k\u00f6nnen, muss der Kunde \n\u00fcber ein f\u00fcr die Teilnahme an \u201eSOFORT\u201c frei geschaltetes \nOnline-Banking-Konto mit PIN\/TAN-Verfahren verf\u00fcgen, sich beim \nZahlungsvorgang entsprechend legitimieren und die Zahlungsanweisung \ngegen\u00fcber \u201eSOFORT\u201c best\u00e4tigen. Die Zahlungstransaktion wird unmittelbar \ndanach von \u201eSOFORT\u201c durchgef\u00fchrt und das Bankkonto des Kunden belastet. \nN\u00e4here Informationen zur Zahlungsart \u201eSOFORT\u201c kann der Kunde im Internet\n unter https:\/\/www.klarna.com\/sofort\/ abrufen.<\/p>\n\n\n\n<p><strong>5) Liefer- und Versandbedingungen<\/strong><br><strong>5.1<\/strong>\n Die Lieferung von Waren erfolgt auf dem Versandweg an die vom Kunden \nangegebene Lieferanschrift, sofern nichts anderes vereinbart ist. Bei \nder Abwicklung der Transaktion ist die in der Bestellabwicklung des \nVerk\u00e4ufers angegebene Lieferanschrift ma\u00dfgeblich.<br><strong>5.2<\/strong>\n Bei Waren, die per Spedition geliefert werden, erfolgt die Lieferung \n&#8222;frei Bordsteinkante&#8220;, also bis zu der der Lieferadresse n\u00e4chst \ngelegenen \u00f6ffentlichen Bordsteinkante, sofern sich aus den \nVersandinformationen im Online-Shop des Verk\u00e4ufers nichts anderes ergibt\n und sofern nichts anderes vereinbart ist.<br><strong>5.3<\/strong> \nSendet das Transportunternehmen die versandte Ware an den Verk\u00e4ufer \nzur\u00fcck, da eine Zustellung beim Kunden nicht m\u00f6glich war, tr\u00e4gt der \nKunde die Kosten f\u00fcr den erfolglosen Versand. Dies gilt nicht, wenn der \nKunde den Umstand, der zur Unm\u00f6glichkeit der Zustellung gef\u00fchrt hat, \nnicht zu vertreten hat oder wenn er vor\u00fcbergehend an der Annahme der \nangebotenen Leistung verhindert war, es sei denn, dass der Verk\u00e4ufer ihm\n die Leistung eine angemessene Zeit vorher angek\u00fcndigt hatte. Ferner \ngilt dies im Hinblick auf die Kosten f\u00fcr die Hinsendung nicht, wenn der \nKunde sein Widerrufsrecht wirksam aus\u00fcbt. F\u00fcr die R\u00fccksendekosten gilt \nbei wirksamer Aus\u00fcbung des Widerrufsrechts durch den Kunden die in der \nWiderrufsbelehrung des Verk\u00e4ufers hierzu getroffene Regelung.<br><strong>5.4<\/strong>\n Bei Selbstabholung informiert der Verk\u00e4ufer den Kunden zun\u00e4chst per \nE-Mail dar\u00fcber, dass die von ihm bestellte Ware zur Abholung bereit \nsteht. Nach Erhalt dieser E-Mail kann der Kunde die Ware nach Absprache \nmit dem Verk\u00e4ufer am Sitz des Verk\u00e4ufers abholen. In diesem Fall werden \nkeine Versandkosten berechnet.<br><strong>5.5<\/strong> Gutscheine werden dem Kunden wie folgt \u00fcberlassen:<br>&#8211; per Download<br>&#8211; per E-Mail<\/p>\n\n\n\n<p><strong>6) Eigentumsvorbehalt<\/strong><br>Tritt der Verk\u00e4ufer in \nVorleistung, beh\u00e4lt er sich bis zur vollst\u00e4ndigen Bezahlung des \ngeschuldeten Kaufpreises das Eigentum an der gelieferten Ware vor. All \nunsere Vertr\u00e4ge basieren auf deutschem Recht.<\/p>\n\n\n\n<p><strong>7) M\u00e4ngelhaftung (Gew\u00e4hrleistung)<\/strong><br><strong>7.1<\/strong> Ist die Kaufsache mangelhaft, gelten die Vorschriften der gesetzlichen M\u00e4ngelhaftung.<br><strong>7.2<\/strong>\n Abweichend hiervon gilt bei gebrauchten Waren: M\u00e4ngelanspr\u00fcche sind \nausgeschlossen, wenn der Mangel erst nach Ablauf eines Jahres ab \nAblieferung der Ware auftritt. M\u00e4ngel, die innerhalb eines Jahres ab \nAblieferung der Ware auftreten, k\u00f6nnen innerhalb der gesetzlichen \nVerj\u00e4hrungsfrist geltend gemacht werden. Die Verk\u00fcrzung der \nHaftungsdauer auf ein Jahr gilt jedoch nicht f\u00fcr Sachen, die \nentsprechend ihrer \u00fcblichen Verwendungsweise f\u00fcr ein Bauwerk verwendet \nworden sind und dessen Mangelhaftigkeit verursacht haben, f\u00fcr \nSchadensersatz und Aufwendungsersatzanspr\u00fcche des Kunden, sowie f\u00fcr den \nFall, dass der Verk\u00e4ufer den Mangel arglistig verschwiegen hat.<br><strong>7.3<\/strong>\n Der Kunde wird gebeten, angelieferte Waren mit offensichtlichen \nTransportsch\u00e4den bei dem Zusteller zu reklamieren und den Verk\u00e4ufer \nhiervon in Kenntnis zu setzen. Kommt der Kunde dem nicht nach, hat dies \nkeinerlei Auswirkungen auf seine gesetzlichen oder vertraglichen \nM\u00e4ngelanspr\u00fcche.<\/p>\n\n\n\n<p><strong>8) Besondere Bedingungen f\u00fcr die Verarbeitung von Waren nach bestimmten Vorgaben des Kunden<\/strong><br><strong>8.1<\/strong>\n Schuldet der Verk\u00e4ufer nach dem Inhalt des Vertrages neben der \nWarenlieferung auch die Verarbeitung der Ware nach bestimmten Vorgaben \ndes Kunden, hat der Kunde dem Betreiber alle f\u00fcr die Verarbeitung \nerforderlichen Inhalte wie Texte, Bilder oder Grafiken in den vom \nBetreiber vorgegebenen Dateiformaten, Formatierungen, Bild- und \nDateigr\u00f6\u00dfen zur Verf\u00fcgung zu stellen und ihm die hierf\u00fcr erforderlichen \nNutzungsrechte einzur\u00e4umen. F\u00fcr die Beschaffung und den Rechteerwerb an \ndiesen Inhalten ist allein der Kunde verantwortlich. Der Kunde erkl\u00e4rt \nund \u00fcbernimmt die Verantwortung daf\u00fcr, dass er das Recht besitzt, die \ndem Verk\u00e4ufer \u00fcberlassenen Inhalte zu nutzen. Er tr\u00e4gt insbesondere \ndaf\u00fcr Sorge, dass hierdurch keine Rechte Dritter verletzt werden, \ninsbesondere Urheber-, Marken- und Pers\u00f6nlichkeitsrechte.<br><strong>8.2<\/strong>\n Der Kunde stellt den Verk\u00e4ufer von Anspr\u00fcchen Dritter frei, die diese \nim Zusammenhang mit einer Verletzung ihrer Rechte durch die \nvertragsgem\u00e4\u00dfe Nutzung der Inhalte des Kunden durch den Verk\u00e4ufer diesem\n gegen\u00fcber geltend machen k\u00f6nnen. Der Kunde \u00fcbernimmt hierbei auch die \nangemessenen Kosten der notwendigen Rechtsverteidigung einschlie\u00dflich \naller Gerichts- und Anwaltskosten in gesetzlicher H\u00f6he. Dies gilt nicht,\n wenn die Rechtsverletzung vom Kunden nicht zu vertreten ist. Der Kunde \nist verpflichtet, dem Verk\u00e4ufer im Falle einer Inanspruchnahme durch \nDritte unverz\u00fcglich, wahrheitsgem\u00e4\u00df und vollst\u00e4ndig alle Informationen \nzur Verf\u00fcgung zu stellen, die f\u00fcr die Pr\u00fcfung der Anspr\u00fcche und eine \nVerteidigung erforderlich sind.<br><strong>8.3<\/strong> Der Verk\u00e4ufer \nbeh\u00e4lt sich vor, Verarbeitungsauftr\u00e4ge abzulehnen, wenn die vom Kunden \nhierf\u00fcr \u00fcberlassenen Inhalte gegen gesetzliche oder beh\u00f6rdliche Verbote \noder gegen die guten Sitten versto\u00dfen. Dies gilt insbesondere bei \n\u00dcberlassung verfassungsfeindlicher, rassistischer, fremdenfeindlicher, \ndiskriminierender, beleidigender, Jugend gef\u00e4hrdender und\/oder Gewalt \nverherrlichender Inhalte.<\/p>\n\n\n\n<p><strong>9) Besondere Bedingungen f\u00fcr Montage-\/Einbauleistungen<\/strong><br>Schuldet\n der Verk\u00e4ufer nach dem Inhalt des Vertrages neben der Warenlieferung \nauch die Montage bzw. den Einbau der Ware beim Kunden sowie ggf. \nentsprechende Vorbereitungsma\u00dfnahmen (z. B. Aufma\u00df), so gilt hierf\u00fcr \nFolgendes:<br><strong>9.1<\/strong> Der Verk\u00e4ufer erbringt seine \nLeistungen nach seiner Wahl in eigener Person oder durch qualifiziertes,\n von ihm ausgew\u00e4hltes Personal. Dabei kann sich der Verk\u00e4ufer auch der \nLeistungen Dritter (Subunternehmer) bedienen, die in seinem Auftrag \nt\u00e4tig werden. Sofern sich aus der Leistungsbeschreibung des Verk\u00e4ufers \nnichts anderes ergibt, hat der Kunde keinen Anspruch auf Auswahl einer \nbestimmten Person zur Durchf\u00fchrung der gew\u00fcnschten Dienstleistung.<br><strong>9.2<\/strong>\n Der Kunde hat dem Verk\u00e4ufer die f\u00fcr die Erbringung der geschuldeten \nDienstleistung erforderlichen Informationen vollst\u00e4ndig und \nwahrheitsgem\u00e4\u00df zur Verf\u00fcgung zu stellen, sofern deren Beschaffung nach \ndem Inhalt des Vertrages nicht in den Pflichtenkreis des Verk\u00e4ufers \nf\u00e4llt.<br><strong>9.3<\/strong> Der Verk\u00e4ufer wird sich nach \nVertragsschluss mit dem Kunden in Verbindung setzen, um mit diesem einen\n Termin f\u00fcr die geschuldete Leistung zu vereinbaren. Der Kunde tr\u00e4gt \ndaf\u00fcr Sorge, dass der Verk\u00e4ufer bzw. das von diesem beauftragte Personal\n zum vereinbarten Termin Zugang zu den betreffenden Einrichtungen des \nKunden hat.<br><strong>9.4<\/strong> Die Gefahr des zuf\u00e4lligen Untergangs\n und der zuf\u00e4lligen Verschlechterung der verkauften Ware geht erst mit \nder Beendigung der Montagearbeiten und der \u00dcbergabe an den Kunden auf \nden Kunden \u00fcber.<\/p>\n\n\n\n<p><strong>10) Einl\u00f6sung von Aktionsgutscheinen<\/strong><br><strong>10.1<\/strong>\n Gutscheine, die vom Verk\u00e4ufer im Rahmen von Werbeaktionen mit einer \nbestimmten G\u00fcltigkeitsdauer unentgeltlich ausgegeben werden und die vom \nKunden nicht k\u00e4uflich erworben werden k\u00f6nnen (nachfolgend \n&#8222;Aktionsgutscheine&#8220;), k\u00f6nnen nur im Online-Shop des Verk\u00e4ufers und nur \nim angegebenen Zeitraum eingel\u00f6st werden.<br><strong>10.2<\/strong> \nEinzelne Produkte k\u00f6nnen von der Gutscheinaktion ausgeschlossen sein, \nsofern sich eine entsprechende Einschr\u00e4nkung aus dem Inhalt des \nAktionsgutscheins ergibt.<br><strong>10.3<\/strong> Aktionsgutscheine \nk\u00f6nnen nur vor Abschluss des Bestellvorgangs eingel\u00f6st werden. Eine \nnachtr\u00e4gliche Verrechnung ist nicht m\u00f6glich.<br><strong>10.4<\/strong> Pro Bestellung kann immer nur ein Aktionsgutschein eingel\u00f6st werden.<br><strong>10.5<\/strong>\n Der Warenwert muss mindestens dem Betrag des Aktionsgutscheins \nentsprechen. Etwaiges Restguthaben wird vom Verk\u00e4ufer nicht erstattet.<br><strong>10.6<\/strong>\n Reicht der Wert des Aktionsgutscheins zur Deckung der Bestellung nicht \naus, kann zur Begleichung des Differenzbetrages eine der \u00fcbrigen vom \nVerk\u00e4ufer angebotenen Zahlungsarten gew\u00e4hlt werden.<br><strong>10.7<\/strong> Das Guthaben eines Aktionsgutscheins wird weder in Bargeld ausgezahlt noch verzinst.<br><strong>10.8<\/strong>\n Der Aktionsgutschein wird nicht erstattet, wenn der Kunde die mit dem \nAktionsgutschein ganz oder teilweise bezahlte Ware im Rahmen seines \ngesetzlichen Widerrufsrechts zur\u00fcckgibt.<br><strong>10.9<\/strong> Der \nAktionsgutschein ist nur f\u00fcr die Verwendung durch die auf ihm benannte \nPerson bestimmt. Eine \u00dcbertragung des Aktionsgutscheins auf Dritte ist \nausgeschlossen. Der Verk\u00e4ufer ist berechtigt, jedoch nicht verpflichtet,\n die materielle Anspruchsberechtigung des jeweiligen Gutscheininhabers \nzu pr\u00fcfen.<\/p>\n\n\n\n<p><strong>11) Einl\u00f6sung von Geschenkgutscheinen<\/strong><br><strong>11.1<\/strong>\n Gutscheine, die \u00fcber den Online-Shop des Verk\u00e4ufers k\u00e4uflich erworben \nwerden k\u00f6nnen (nachfolgend &#8222;Geschenkgutscheine&#8220;), k\u00f6nnen nur im \nOnline-Shop des Verk\u00e4ufers eingel\u00f6st werden, sofern sich aus dem \nGutschein nichts anderes ergibt.<br><strong>11.2<\/strong> \nGeschenkgutscheine und Restguthaben von Geschenkgutscheinen sind bis zum\n Ende des dritten Jahres nach dem Jahr des Gutscheinkaufs einl\u00f6sbar. \nRestguthaben werden dem Kunden bis zum Ablaufdatum gutgeschrieben.<br><strong>11.3<\/strong>\n Geschenkgutscheine k\u00f6nnen nur vor Abschluss des Bestellvorgangs \neingel\u00f6st werden. Eine nachtr\u00e4gliche Verrechnung ist nicht m\u00f6glich.<br><strong>11.4<\/strong> Pro Bestellung kann immer nur ein Geschenkgutschein eingel\u00f6st werden.<br><strong>11.5<\/strong> Geschenkgutscheine k\u00f6nnen nur f\u00fcr den Kauf von Waren und nicht f\u00fcr den Kauf von weiteren Geschenkgutscheinen verwendet werden.<br><strong>11.6<\/strong>\n Reicht der Wert des Geschenkgutscheins zur Deckung der Bestellung nicht\n aus, kann zur Begleichung des Differenzbetrages eine der \u00fcbrigen vom \nVerk\u00e4ufer angebotenen Zahlungsarten gew\u00e4hlt werden.<br><strong>11.7<\/strong> Das Guthaben eines Geschenkgutscheins wird weder in Bargeld ausgezahlt noch verzinst.<br><strong>11.8<\/strong>\n Der Geschenkgutschein ist nur f\u00fcr die Verwendung durch die auf ihm \nbenannte Person bestimmt. Eine \u00dcbertragung des Geschenkgutscheins auf \nDritte ist ausgeschlossen. Der Verk\u00e4ufer ist berechtigt, jedoch nicht \nverpflichtet, die materielle Anspruchsberechtigung des jeweiligen \nGutscheininhabers zu pr\u00fcfen.<\/p>\n\n\n\n<p><strong>12) Anwendbares Recht<\/strong><br>F\u00fcr s\u00e4mtliche \nRechtsbeziehungen der Parteien gilt das Recht der Bundesrepublik \nDeutschland unter Ausschluss der Gesetze \u00fcber den internationalen Kauf \nbeweglicher Waren. Bei Verbrauchern gilt diese Rechtswahl nur insoweit, \nals nicht der gew\u00e4hrte Schutz durch zwingende Bestimmungen des Rechts \ndes Staates, in dem der Verbraucher seinen gew\u00f6hnlichen Aufenthalt hat, \nentzogen wird.<\/p>\n\n\n\n<p><strong>13) Alternative Streitbeilegung<\/strong><br><strong>13.1<\/strong>\n Die EU-Kommission stellt im Internet unter folgendem Link eine \nPlattform zur Online-Streitbeilegung bereit: \nhttps:\/\/ec.europa.eu\/consumers\/odr Diese Plattform dient als \nAnlaufstelle zur au\u00dfergerichtlichen Beilegung von Streitigkeiten aus \nOnline-Kauf- oder Dienstleistungsvertr\u00e4gen, an denen ein Verbraucher \nbeteiligt ist.<br><strong>13.2<\/strong> Der Verk\u00e4ufer ist zur Teilnahme \nan einem Streitbeilegungsverfahren vor einer \nVerbraucherschlichtungsstelle weder verpflichtet noch bereit.<\/p>\n\n\n\n<p><br><strong>(C) 13.01.2019 \u2013 Werbeposter-Nord &#8211; Alle Rechte vorbehalten.<\/strong><\/p>\n","protected":false},"excerpt":{"rendered":"<p>Allgemeine Gesch\u00e4ftsbedingungen mit Kundeninformationen&#8212;&#8212;&#8212;&#8212;&#8212;&#8212;&#8212;&#8212;&#8212;&#8212;&#8212;&#8212;&#8212;&#8212;&#8212;&#8212;&#8212;&#8212;- Inhaltsverzeichnis&#8212;&#8212;&#8212;&#8212;&#8212;&#8212;1. Geltungsbereich2. Vertragsschluss3. Widerrufsrecht4. Preise und Zahlungsbedingungen5. Liefer- und Versandbedingungen6. Eigentumsvorbehalt7. M\u00e4ngelhaftung (Gew\u00e4hrleistung)8. Besondere Bedingungen f\u00fcr die Verarbeitung von Waren nach bestimmten Vorgaben des Kunden9. Besondere Bedingungen f\u00fcr Montage-\/Einbauleistungen10. Einl\u00f6sung von Aktionsgutscheinen11. Einl\u00f6sung von Geschenkgutscheinen12. Anwendbares Recht13. Alternative Streitbeilegung 1) Geltungsbereich1.1 Diese Allgemeinen Gesch\u00e4ftsbedingungen (nachfolgend &#8222;AGB&#8220;) des Thomas Vollbracht, handelnd unter&hellip; <br \/> <a class=\"read-more\" href=\"https:\/\/werbeposter-nord.eu\/index.php\/agb\/\">Weiterlesen<\/a><\/p>\n","protected":false},"author":1,"featured_media":0,"parent":0,"menu_order":0,"comment_status":"closed","ping_status":"closed","template":"","meta":{"footnotes":""},"class_list":["post-282","page","type-page","status-publish","hentry"],"_links":{"self":[{"href":"https:\/\/werbeposter-nord.eu\/index.php\/wp-json\/wp\/v2\/pages\/282","targetHints":{"allow":["GET"]}}],"collection":[{"href":"https:\/\/werbeposter-nord.eu\/index.php\/wp-json\/wp\/v2\/pages"}],"about":[{"href":"https:\/\/werbeposter-nord.eu\/index.php\/wp-json\/wp\/v2\/types\/page"}],"author":[{"embeddable":true,"href":"https:\/\/werbeposter-nord.eu\/index.php\/wp-json\/wp\/v2\/users\/1"}],"replies":[{"embeddable":true,"href":"https:\/\/werbeposter-nord.eu\/index.php\/wp-json\/wp\/v2\/comments?post=282"}],"version-history":[{"count":2,"href":"https:\/\/werbeposter-nord.eu\/index.php\/wp-json\/wp\/v2\/pages\/282\/revisions"}],"predecessor-version":[{"id":286,"href":"https:\/\/werbeposter-nord.eu\/index.php\/wp-json\/wp\/v2\/pages\/282\/revisions\/286"}],"wp:attachment":[{"href":"https:\/\/werbeposter-nord.eu\/index.php\/wp-json\/wp\/v2\/media?parent=282"}],"curies":[{"name":"wp","href":"https:\/\/api.w.org\/{rel}","templated":true}]}}